{"id":1103,"date":"2025-10-06T08:50:31","date_gmt":"2025-10-06T08:50:31","guid":{"rendered":"https:\/\/unit-linked.com\/servicios"},"modified":"2025-10-06T09:08:33","modified_gmt":"2025-10-06T09:08:33","slug":"servicios","status":"publish","type":"page","link":"https:\/\/unit-linked.com\/es\/servicios","title":{"rendered":"Servicios"},"content":{"rendered":"\n<p>Ofrecemos un servicio integral de asesoramiento y apoyo en la selecci\u00f3n y gesti\u00f3n de soluciones de inversi\u00f3n con seguro de vida PPLI y ULIP.<\/p>\n\n<p>Nuestro equipo acompa\u00f1a a los clientes en todas las etapas: desde la primera consulta hasta la transferencia exitosa de activos, la aprobaci\u00f3n del proceso de cumplimiento <strong>y el acompa\u00f1amiento continuo durante toda la vigencia de la p\u00f3liza.<\/strong><\/p>\n\n<h2 class=\"wp-block-heading\"><strong>Nuestros principales servicios<\/strong><\/h2>\n\n<ul class=\"wp-block-list\">\n<li>Selecci\u00f3n y apertura de cuentas de inversi\u00f3n PPLI \/ ULIP<\/li>\n\n\n\n<li>Asesoramiento y gesti\u00f3n de soluciones de ahorro unit-linked<\/li>\n\n\n\n<li>Transferencia de activos desde cuentas de corretaje a p\u00f3lizas de seguro<\/li>\n\n\n\n<li>Opini\u00f3n experta e independiente sobre su caso<\/li>\n<\/ul>\n\n<p>Cada soluci\u00f3n se dise\u00f1a de manera personalizada, considerando la situaci\u00f3n del cliente, su ciudadan\u00eda y residencia fiscal.<\/p>\n\n<p>Seleccionamos cuidadosamente la jurisdicci\u00f3n, la estructura de propiedad y la cobertura de seguro m\u00e1s adecuadas para garantizar la protecci\u00f3n del patrimonio y una gesti\u00f3n eficiente a largo plazo.<\/p>\n\n<h2 class=\"wp-block-heading\"><strong>Nuestro proceso de trabajo<\/strong><\/h2>\n\n<h3 class=\"wp-block-heading\"><strong>1. Consulta inicial<\/strong><\/h3>\n\n<p>Comenzamos con una consulta gratuita donde respondemos a sus preguntas, explicamos c\u00f3mo funcionan las estructuras PPLI y ULIP, y mostramos ejemplos reales de planificaci\u00f3n patrimonial. Obtendr\u00e1 una comprensi\u00f3n clara del proceso y de los plazos estimados.<\/p>\n\n<h3 class=\"wp-block-heading\"><strong>2. Dise\u00f1o de la soluci\u00f3n<\/strong><\/h3>\n\n<p>Nuestros especialistas de Unit-Linked analizan sus objetivos y recomiendan una estrategia personalizada basada en <strong>m\u00e1s de 24 a\u00f1os de experiencia pr\u00e1ctica<\/strong>. Ofrecemos un asesoramiento transparente, destacando tanto los beneficios como los posibles riesgos de cada alternativa.<\/p>\n\n<h3 class=\"wp-block-heading\"><strong>3. Preparaci\u00f3n de cumplimiento (Compliance)<\/strong><\/h3>\n\n<p>Nos encargamos de preparar y revisar toda la documentaci\u00f3n necesaria para garantizar un proceso de cumplimiento fluido. Gracias a nuestra preparaci\u00f3n previa, la tasa de aprobaci\u00f3n de solicitudes de clientes alcanza <strong>hasta un 99%.<\/strong><\/p>\n\n<h3 class=\"wp-block-heading\"><strong>4. Apertura de p\u00f3liza y transferencia de activos<\/strong><\/h3>\n\n<p>Le acompa\u00f1amos en cada paso del proceso, incluyendo la firma de documentos y la transferencia de fondos, valores o activos digitales a la estructura de seguro.<\/p>\n\n<p>Una vez abierta la p\u00f3liza, seguimos brindando apoyo y asesoramiento continuo durante toda su vigencia.<\/p>\n\n<h2 class=\"wp-block-heading\"><strong>Cont\u00e1ctenos<\/strong><\/h2>\n\n<p>Si desea m\u00e1s informaci\u00f3n o discutir su caso:<\/p>\n\n<ul class=\"wp-block-list\">\n<li>Escr\u00edbanos a <strong>office@unit-linked.com<\/strong><\/li>\n\n\n\n<li>o complete el formulario de <a href=\"https:\/\/unit-linked.com\/es\/consulta-de-pedidos\" data-type=\"page\" data-id=\"606\">contacto a continuaci\u00f3n.<\/a><\/li>\n<\/ul>\n\n<p><\/p>\n","protected":false},"excerpt":{"rendered":"<p>Ofrecemos un servicio integral de asesoramiento y apoyo en la selecci\u00f3n y gesti\u00f3n de soluciones de inversi\u00f3n con seguro de vida PPLI y ULIP. Nuestro equipo acompa\u00f1a a los clientes en todas las etapas: desde la primera consulta hasta la transferencia exitosa de activos, la aprobaci\u00f3n del proceso de cumplimiento y el acompa\u00f1amiento continuo durante [&hellip;]<\/p>\n","protected":false},"author":2,"featured_media":0,"parent":0,"menu_order":0,"comment_status":"closed","ping_status":"closed","template":"","meta":{"footnotes":""},"class_list":["post-1103","page","type-page","status-publish","hentry"],"_links":{"self":[{"href":"https:\/\/unit-linked.com\/es\/wp-json\/wp\/v2\/pages\/1103","targetHints":{"allow":["GET"]}}],"collection":[{"href":"https:\/\/unit-linked.com\/es\/wp-json\/wp\/v2\/pages"}],"about":[{"href":"https:\/\/unit-linked.com\/es\/wp-json\/wp\/v2\/types\/page"}],"author":[{"embeddable":true,"href":"https:\/\/unit-linked.com\/es\/wp-json\/wp\/v2\/users\/2"}],"replies":[{"embeddable":true,"href":"https:\/\/unit-linked.com\/es\/wp-json\/wp\/v2\/comments?post=1103"}],"version-history":[{"count":3,"href":"https:\/\/unit-linked.com\/es\/wp-json\/wp\/v2\/pages\/1103\/revisions"}],"predecessor-version":[{"id":1106,"href":"https:\/\/unit-linked.com\/es\/wp-json\/wp\/v2\/pages\/1103\/revisions\/1106"}],"wp:attachment":[{"href":"https:\/\/unit-linked.com\/es\/wp-json\/wp\/v2\/media?parent=1103"}],"curies":[{"name":"wp","href":"https:\/\/api.w.org\/{rel}","templated":true}]}}