{"id":802,"date":"2022-06-21T13:13:33","date_gmt":"2022-06-21T13:13:33","guid":{"rendered":"https:\/\/unit-linked.com\/sobre-nosotros"},"modified":"2025-01-13T17:52:55","modified_gmt":"2025-01-13T17:52:55","slug":"sobre-nosotros","status":"publish","type":"page","link":"https:\/\/unit-linked.com\/es\/sobre-nosotros","title":{"rendered":"Sobre nosotros"},"content":{"rendered":"\t\t<div data-elementor-type=\"wp-page\" data-elementor-id=\"802\" class=\"elementor elementor-802 elementor-32\" data-elementor-post-type=\"page\">\n\t\t\t\t\t\t<section class=\"elementor-section elementor-top-section elementor-element elementor-element-374be508 elementor-section-boxed elementor-section-height-default elementor-section-height-default\" data-id=\"374be508\" data-element_type=\"section\" data-e-type=\"section\">\n\t\t\t\t\t\t<div class=\"elementor-container elementor-column-gap-no\">\n\t\t\t\t\t<div class=\"elementor-column elementor-col-100 elementor-top-column elementor-element elementor-element-3b7d13ca\" data-id=\"3b7d13ca\" data-element_type=\"column\" data-e-type=\"column\">\n\t\t\t<div class=\"elementor-widget-wrap elementor-element-populated\">\n\t\t\t\t\t\t<div class=\"elementor-element elementor-element-6e7587d9 elementor-widget elementor-widget-text-editor\" data-id=\"6e7587d9\" data-element_type=\"widget\" data-e-type=\"widget\" data-widget_type=\"text-editor.default\">\n\t\t\t\t<div class=\"elementor-widget-container\">\n\t\t\t\t\t\t\t\t\t<p><strong>Unit-Linked.com<\/strong> es un servicio en l\u00ednea para la selecci\u00f3n y compra de programas unit-linked internacionales<\/p>\n<p>UNIT-LINKED.COM es un proyecto internacional de la empresa estadounidense International Independent Investment Insurance Alliance LLC (USA).<\/p>\n<p>Unit Linked Programs se centra en ayudar a las personas que viven en varios pa\u00edses, incluidos expatriados, reubicadores y n\u00f3madas digitales. <\/p>\n<p>Somos representantes oficiales de compa\u00f1\u00edas de seguros internacionales: Investors Trust, Hansard, Generali (Utmost), Custodian Life, RL 360, etc.  <\/p>\n<p>Mostramos abierta y honestamente todos los t\u00e9rminos del contrato, informamos sobre posibles restricciones. As\u00ed entender\u00e1 inmediatamente qu\u00e9 puede esperar ahora y en el futuro. Adem\u00e1s:<\/p>\n<ul>\n<li>monitoreamos las condiciones y la reputaci\u00f3n de la mayor\u00eda de las compa\u00f1\u00edas de seguros internacionales que proporcionan programas unit-linked,<\/li>\n<li>nos aseguramos de que no pierda tiempo viajando a oficinas y no pague de m\u00e1s a intermediarios por consultas,<\/li>\n<li>seleccionamos las mejores ofertas probadas, por lo que no necesita buscar sitios web de empresas y comparar condiciones por su cuenta.<\/li>\n<\/ul>\n<p><strong> <\/strong><\/p>\n<p><strong>\u00a1Todo esto ya est\u00e1 en unit-linked.com! <\/strong><\/p>\n<p>Simplemente ingrese sus par\u00e1metros y recibir\u00e1 c\u00e1lculos individuales para programas de compa\u00f1\u00edas disponibles en nuestro mercado. Tambi\u00e9n puede solicitar el programa unit-linked de su elecci\u00f3n directamente con la compa\u00f1\u00eda de seguros. Puede solicitar un c\u00e1lculo en nuestro sitio web utilizando el enlace.<\/p>\n<p><strong>Nuestro objetivo <\/strong><\/p>\n<p>Nuestro objetivo es hacer que los programas unit-link internacionales sean lo m\u00e1s comprensibles y accesibles posible para su uso fruct\u00edfero en la construcci\u00f3n de su futuro bienestar financiero.<\/p>\n<p><strong>Sin sobrepagos <\/strong><\/p>\n<p>UNIT-LINKED.COM ofrece servicios de compa\u00f1\u00edas de seguros de inversi\u00f3n sin intermediarios. Al mismo tiempo, no nos importa qu\u00e9 programa unit-linked elija:<\/p>\n<ul>\n<li>Trabajamos solo con grandes compa\u00f1\u00edas de seguros p\u00fablicamente conocidas que se han probado en el mercado internacional.<\/li>\n<li>Usted organiza programas unit-linked directamente con la compa\u00f1\u00eda de seguros, y transfiere dinero inmediatamente a la compa\u00f1\u00eda de seguros de su elecci\u00f3n a su cuenta.<\/li>\n<li>Despu\u00e9s del registro, recibe todos los documentos de la p\u00f3liza tambi\u00e9n directamente de la compa\u00f1\u00eda de seguros.<\/li>\n<li>Despu\u00e9s de abrir el programa, le ayudamos a lanzar una de las estrategias de inversi\u00f3n gratuitas que se presentan en las plataformas de las compa\u00f1\u00edas de seguros.<\/li>\n<li>No necesita pagar por la preparaci\u00f3n de una estrategia de inversi\u00f3n (cartera) y consultor de gesti\u00f3n de cartera durante todo el per\u00edodo del contrato.<\/li>\n<\/ul>\n<p><strong>Contactos <\/strong><\/p>\n<p><strong>EE.UU. <\/strong><\/p>\n<p>+1 312 736 21 53<\/p>\n<p>18 South Michigan Avenue, Chicago, IL 60603<\/p>\n<p><strong>Suiza <\/strong><\/p>\n<p>+41 43 588 08 06<\/p>\n<p>Churerstrasse 47, 8808 Pf\u00e4ffikon S<\/p>\n\t\t\t\t\t\t\t\t<\/div>\n\t\t\t\t<\/div>\n\t\t\t\t\t<\/div>\n\t\t<\/div>\n\t\t\t\t\t<\/div>\n\t\t<\/section>\n\t\t\t\t<\/div>\n\t\t","protected":false},"excerpt":{"rendered":"<p>Unit-Linked.com es un servicio en l\u00ednea para la selecci\u00f3n y compra de programas unit-linked internacionales UNIT-LINKED.COM es un proyecto internacional de la empresa estadounidense International Independent Investment Insurance Alliance LLC (USA). Unit Linked Programs se centra en ayudar a las personas que viven en varios pa\u00edses, incluidos expatriados, reubicadores y n\u00f3madas digitales. Somos representantes oficiales [&hellip;]<\/p>\n","protected":false},"author":2,"featured_media":0,"parent":0,"menu_order":0,"comment_status":"closed","ping_status":"closed","template":"","meta":{"footnotes":""},"class_list":["post-802","page","type-page","status-publish","hentry"],"_links":{"self":[{"href":"https:\/\/unit-linked.com\/es\/wp-json\/wp\/v2\/pages\/802","targetHints":{"allow":["GET"]}}],"collection":[{"href":"https:\/\/unit-linked.com\/es\/wp-json\/wp\/v2\/pages"}],"about":[{"href":"https:\/\/unit-linked.com\/es\/wp-json\/wp\/v2\/types\/page"}],"author":[{"embeddable":true,"href":"https:\/\/unit-linked.com\/es\/wp-json\/wp\/v2\/users\/2"}],"replies":[{"embeddable":true,"href":"https:\/\/unit-linked.com\/es\/wp-json\/wp\/v2\/comments?post=802"}],"version-history":[{"count":2,"href":"https:\/\/unit-linked.com\/es\/wp-json\/wp\/v2\/pages\/802\/revisions"}],"predecessor-version":[{"id":807,"href":"https:\/\/unit-linked.com\/es\/wp-json\/wp\/v2\/pages\/802\/revisions\/807"}],"wp:attachment":[{"href":"https:\/\/unit-linked.com\/es\/wp-json\/wp\/v2\/media?parent=802"}],"curies":[{"name":"wp","href":"https:\/\/api.w.org\/{rel}","templated":true}]}}