{"id":828,"date":"2022-06-20T14:59:12","date_gmt":"2022-06-20T14:59:12","guid":{"rendered":"https:\/\/unit-linked.com\/politica-de-privacidad"},"modified":"2025-01-15T18:29:31","modified_gmt":"2025-01-15T18:29:31","slug":"politica-de-privacidad","status":"publish","type":"page","link":"https:\/\/unit-linked.com\/es\/politica-de-privacidad","title":{"rendered":"Pol\u00edtica de Privacidad"},"content":{"rendered":"\t\t<div data-elementor-type=\"wp-page\" data-elementor-id=\"828\" class=\"elementor elementor-828 elementor-3\" data-elementor-post-type=\"page\">\n\t\t\t\t\t\t<section class=\"elementor-section elementor-top-section elementor-element elementor-element-342afacd elementor-section-boxed elementor-section-height-default elementor-section-height-default\" data-id=\"342afacd\" data-element_type=\"section\" data-e-type=\"section\">\n\t\t\t\t\t\t<div class=\"elementor-container elementor-column-gap-default\">\n\t\t\t\t\t<div class=\"elementor-column elementor-col-100 elementor-top-column elementor-element elementor-element-1966597\" data-id=\"1966597\" data-element_type=\"column\" data-e-type=\"column\">\n\t\t\t<div class=\"elementor-widget-wrap elementor-element-populated\">\n\t\t\t\t\t\t<div class=\"elementor-element elementor-element-3b00da2f elementor-widget elementor-widget-text-editor\" data-id=\"3b00da2f\" data-element_type=\"widget\" data-e-type=\"widget\" data-widget_type=\"text-editor.default\">\n\t\t\t\t<div class=\"elementor-widget-container\">\n\t\t\t\t\t\t\t\t\t<p style=\"color: #333333; font-family: -apple-system, 'system-ui', 'Segoe UI', Roboto, 'Helvetica Neue', Arial, 'Noto Sans', sans-serif; font-size: 16px;\">Por favor, revise la siguiente informaci\u00f3n sobre nuestra pol\u00edtica de privacidad en l\u00ednea.<\/p>\n<h2 style=\"font-family: -apple-system, 'system-ui', 'Segoe UI', Roboto, 'Helvetica Neue', Arial, 'Noto Sans', sans-serif; color: #333333;\">\u00bfQu\u00e9 informaci\u00f3n recopilamos?<\/h2>\n<p style=\"color: #333333; font-family: -apple-system, 'system-ui', 'Segoe UI', Roboto, 'Helvetica Neue', Arial, 'Noto Sans', sans-serif; font-size: 16px;\">Recopilamos informaci\u00f3n cuando usted se registra en nuestro sitio, realiza un pedido, se suscribe a nuestro bolet\u00edn o completa un formulario.<\/p>\n<p style=\"color: #333333; font-family: -apple-system, 'system-ui', 'Segoe UI', Roboto, 'Helvetica Neue', Arial, 'Noto Sans', sans-serif; font-size: 16px;\">Al realizar un pedido o registrarse en nuestro sitio, seg\u00fan corresponda, se le puede solicitar que ingrese su: nombre, direcci\u00f3n de correo electr\u00f3nico, direcci\u00f3n postal o n\u00famero de tel\u00e9fono. Sin embargo, puede visitar nuestro sitio de forma an\u00f3nima.<\/p>\n<h2 style=\"font-family: -apple-system, 'system-ui', 'Segoe UI', Roboto, 'Helvetica Neue', Arial, 'Noto Sans', sans-serif; color: #333333;\">\u00bfPara qu\u00e9 utilizamos su informaci\u00f3n?<\/h2>\n<p style=\"color: #333333; font-family: -apple-system, 'system-ui', 'Segoe UI', Roboto, 'Helvetica Neue', Arial, 'Noto Sans', sans-serif; font-size: 16px;\">Cualquier informaci\u00f3n que recopilemos de usted puede utilizarse de una de las siguientes maneras:<\/p>\n<ul style=\"font-size: 16px; background-color: #ffffff; color: #333333; font-family: -apple-system, 'system-ui', 'Segoe UI', Roboto, 'Helvetica Neue', Arial, 'Noto Sans', sans-serif;\">\n<li style=\"font-size: 16px;\"><span style=\"font-weight: bolder;\">Para personalizar su experiencia<\/span><br \/>(su informaci\u00f3n nos ayuda a responder mejor a sus necesidades individuales)<\/li>\n<li style=\"font-size: 16px;\"><span style=\"font-weight: bolder;\">Para mejorar nuestro sitio web<\/span><br \/>(nos esforzamos continuamente por mejorar las ofertas de nuestro sitio web seg\u00fan la informaci\u00f3n y los comentarios que recibimos de usted)<\/li>\n<li style=\"font-size: 16px;\"><span style=\"font-weight: bolder;\">Para mejorar el servicio al cliente<\/span><br \/>(su informaci\u00f3n nos ayuda a responder de manera m\u00e1s efectiva a sus solicitudes de servicio al cliente y necesidades de soporte)<\/li>\n<li style=\"font-size: 16px;\"><span style=\"font-weight: bolder;\">Para procesar transacciones<\/span><br \/>Su informaci\u00f3n, ya sea p\u00fablica o privada, no ser\u00e1 vendida, intercambiada, transferida ni entregada a ninguna otra empresa por ning\u00fan motivo sin su consentimiento, excepto con el prop\u00f3sito expreso de entregar el producto o servicio solicitado.<\/li>\n<li style=\"font-size: 16px;\"><span style=\"font-weight: bolder;\">Para enviar correos electr\u00f3nicos peri\u00f3dicos<\/span><br \/>La direcci\u00f3n de correo electr\u00f3nico que proporcione para el procesamiento de pedidos puede utilizarse para enviarle informaci\u00f3n y actualizaciones relacionadas con su pedido, adem\u00e1s de recibir ocasionalmente noticias de la empresa, actualizaciones, informaci\u00f3n sobre productos o servicios relacionados, etc.<br \/><em>Nota:<\/em> Si en alg\u00fan momento desea dejar de recibir correos electr\u00f3nicos futuros, incluimos instrucciones detalladas para darse de baja al final de cada correo electr\u00f3nico.<\/li>\n<\/ul>\n<h2 style=\"font-family: -apple-system, 'system-ui', 'Segoe UI', Roboto, 'Helvetica Neue', Arial, 'Noto Sans', sans-serif; color: #333333;\">\u00bfC\u00f3mo protegemos su informaci\u00f3n?<\/h2>\n<p style=\"color: #333333; font-family: -apple-system, 'system-ui', 'Segoe UI', Roboto, 'Helvetica Neue', Arial, 'Noto Sans', sans-serif; font-size: 16px;\">Implementamos una variedad de medidas de seguridad para mantener la seguridad de su informaci\u00f3n personal cuando realiza un pedido o ingresa, env\u00eda o accede a su informaci\u00f3n personal.<\/p>\n<p style=\"color: #333333; font-family: -apple-system, 'system-ui', 'Segoe UI', Roboto, 'Helvetica Neue', Arial, 'Noto Sans', sans-serif; font-size: 16px;\">Ofrecemos el uso de un servidor seguro. Toda la informaci\u00f3n sensible\/crediticia suministrada se transmite a trav\u00e9s de tecnolog\u00eda Secure Socket Layer (SSL) y luego se encripta en la base de datos de nuestros proveedores de pasarela de pago, siendo accesible solo por aquellos autorizados con derechos especiales de acceso a dichos sistemas, y est\u00e1n obligados a mantener la informaci\u00f3n confidencial.<\/p>\n<p style=\"color: #333333; font-family: -apple-system, 'system-ui', 'Segoe UI', Roboto, 'Helvetica Neue', Arial, 'Noto Sans', sans-serif; font-size: 16px;\">Despu\u00e9s de una transacci\u00f3n, su informaci\u00f3n privada (tarjetas de cr\u00e9dito, informaci\u00f3n financiera, etc.) no se mantendr\u00e1 archivada por m\u00e1s de 60 d\u00edas.<\/p>\n<h2 style=\"font-family: -apple-system, 'system-ui', 'Segoe UI', Roboto, 'Helvetica Neue', Arial, 'Noto Sans', sans-serif; color: #333333;\">\u00bfRevelamos alguna informaci\u00f3n a terceros?<\/h2>\n<p style=\"color: #333333; font-family: -apple-system, 'system-ui', 'Segoe UI', Roboto, 'Helvetica Neue', Arial, 'Noto Sans', sans-serif; font-size: 16px;\">No vendemos, comerciamos ni transferimos a terceros su informaci\u00f3n personal identificable. Esto no incluye a terceros de confianza que nos ayudan a operar nuestro sitio web, conducir nuestro negocio o brindarle servicio, siempre que estas partes acuerden mantener esta informaci\u00f3n confidencial. Tambi\u00e9n podemos divulgar su informaci\u00f3n cuando creemos que su divulgaci\u00f3n es apropiada para cumplir con la ley, hacer cumplir las pol\u00edticas de nuestro sitio o proteger nuestros derechos, propiedad o seguridad o la de otros. Sin embargo, la informaci\u00f3n no personal sobre visitantes puede proporcionarse a otras partes con fines de marketing, publicidad u otros usos.<\/p>\n<h2 style=\"font-family: -apple-system, 'system-ui', 'Segoe UI', Roboto, 'Helvetica Neue', Arial, 'Noto Sans', sans-serif; color: #333333;\">Enlaces de terceros<\/h2>\n<p style=\"color: #333333; font-family: -apple-system, 'system-ui', 'Segoe UI', Roboto, 'Helvetica Neue', Arial, 'Noto Sans', sans-serif; font-size: 16px;\">Ocasionalmente, a nuestra discreci\u00f3n, podemos incluir u ofrecer productos o servicios de terceros en nuestro sitio web. Estos sitios de terceros tienen pol\u00edticas de privacidad separadas e independientes. Por lo tanto, no tenemos responsabilidad ni obligaci\u00f3n por el contenido y las actividades de estos sitios vinculados. No obstante, buscamos proteger la integridad de nuestro sitio y agradecemos cualquier comentario sobre estos sitios.<\/p>\n<h2 style=\"font-family: -apple-system, 'system-ui', 'Segoe UI', Roboto, 'Helvetica Neue', Arial, 'Noto Sans', sans-serif; color: #333333;\">Protecci\u00f3n de la Privacidad de los Ni\u00f1os en L\u00ednea<\/h2>\n<p style=\"color: #333333; font-family: -apple-system, 'system-ui', 'Segoe UI', Roboto, 'Helvetica Neue', Arial, 'Noto Sans', sans-serif; font-size: 16px;\">No recopilamos ninguna informaci\u00f3n de personas menores de 13 a\u00f1os. Nuestro sitio web, productos y servicios est\u00e1n todos dirigidos a personas que tienen al menos 13 a\u00f1os de edad o m\u00e1s.<\/p>\n<h2 style=\"font-family: -apple-system, 'system-ui', 'Segoe UI', Roboto, 'Helvetica Neue', Arial, 'Noto Sans', sans-serif; color: #333333;\">Su Consentimiento<\/h2>\n<p style=\"color: #333333; font-family: -apple-system, 'system-ui', 'Segoe UI', Roboto, 'Helvetica Neue', Arial, 'Noto Sans', sans-serif; font-size: 16px;\">Al utilizar nuestro sitio, usted acepta nuestra pol\u00edtica de privacidad.<\/p>\n<h2 style=\"font-family: -apple-system, 'system-ui', 'Segoe UI', Roboto, 'Helvetica Neue', Arial, 'Noto Sans', sans-serif; color: #333333;\">Cambios en nuestra Pol\u00edtica de Privacidad<\/h2>\n<p style=\"color: #333333; font-family: -apple-system, 'system-ui', 'Segoe UI', Roboto, 'Helvetica Neue', Arial, 'Noto Sans', sans-serif; font-size: 16px;\">Si decidimos cambiar nuestra pol\u00edtica de privacidad, publicaremos esos cambios en esta p\u00e1gina.<\/p>\n<h2 style=\"font-family: -apple-system, 'system-ui', 'Segoe UI', Roboto, 'Helvetica Neue', Arial, 'Noto Sans', sans-serif; color: #333333;\">Cont\u00e1ctenos<\/h2>\n<p style=\"color: #333333; font-family: -apple-system, 'system-ui', 'Segoe UI', Roboto, 'Helvetica Neue', Arial, 'Noto Sans', sans-serif; font-size: 16px;\">Si tiene alguna pregunta sobre esta pol\u00edtica de privacidad, puede contactarnos utilizando la informaci\u00f3n que aparece a continuaci\u00f3n.<\/p>\n\t\t\t\t\t\t\t\t<\/div>\n\t\t\t\t<\/div>\n\t\t\t\t\t<\/div>\n\t\t<\/div>\n\t\t\t\t\t<\/div>\n\t\t<\/section>\n\t\t\t\t<\/div>\n\t\t","protected":false},"excerpt":{"rendered":"<p>Por favor, revise la siguiente informaci\u00f3n sobre nuestra pol\u00edtica de privacidad en l\u00ednea. \u00bfQu\u00e9 informaci\u00f3n recopilamos? Recopilamos informaci\u00f3n cuando usted se registra en nuestro sitio, realiza un pedido, se suscribe a nuestro bolet\u00edn o completa un formulario. Al realizar un pedido o registrarse en nuestro sitio, seg\u00fan corresponda, se le puede solicitar que ingrese su: [&hellip;]<\/p>\n","protected":false},"author":1,"featured_media":0,"parent":0,"menu_order":0,"comment_status":"closed","ping_status":"open","template":"","meta":{"footnotes":""},"class_list":["post-828","page","type-page","status-publish","hentry"],"_links":{"self":[{"href":"https:\/\/unit-linked.com\/es\/wp-json\/wp\/v2\/pages\/828","targetHints":{"allow":["GET"]}}],"collection":[{"href":"https:\/\/unit-linked.com\/es\/wp-json\/wp\/v2\/pages"}],"about":[{"href":"https:\/\/unit-linked.com\/es\/wp-json\/wp\/v2\/types\/page"}],"author":[{"embeddable":true,"href":"https:\/\/unit-linked.com\/es\/wp-json\/wp\/v2\/users\/1"}],"replies":[{"embeddable":true,"href":"https:\/\/unit-linked.com\/es\/wp-json\/wp\/v2\/comments?post=828"}],"version-history":[{"count":3,"href":"https:\/\/unit-linked.com\/es\/wp-json\/wp\/v2\/pages\/828\/revisions"}],"predecessor-version":[{"id":831,"href":"https:\/\/unit-linked.com\/es\/wp-json\/wp\/v2\/pages\/828\/revisions\/831"}],"wp:attachment":[{"href":"https:\/\/unit-linked.com\/es\/wp-json\/wp\/v2\/media?parent=828"}],"curies":[{"name":"wp","href":"https:\/\/api.w.org\/{rel}","templated":true}]}}