{"id":832,"date":"2022-08-29T18:13:31","date_gmt":"2022-08-29T18:13:31","guid":{"rendered":"https:\/\/unit-linked.com\/hansard-international"},"modified":"2025-01-21T11:33:33","modified_gmt":"2025-01-21T11:33:33","slug":"hansard-international","status":"publish","type":"page","link":"https:\/\/unit-linked.com\/es\/hansard-international","title":{"rendered":"HANSARD INTERNATIONAL"},"content":{"rendered":"\n<p>Hansard International se especializa en programas de ahorro e inversi\u00f3n vinculados a unidades, a menudo denominados \u00abm\u00e9todo ingl\u00e9s de inversi\u00f3n\u00bb en algunos pa\u00edses. Este art\u00edculo analizar\u00e1 la confiabilidad de Hansard, revisar\u00e1 sus principales productos y discutir\u00e1 su idoneidad.<\/p>\n\n<p style=\"font-size:12px\"><\/p>\n\n<h2 class=\"wp-block-heading\">Confiabilidad de Hansard International<\/h2>\n\n<p>Hansard ha estado proporcionando productos y servicios financieros a clientes de todo el mundo desde 1987. A diferencia de muchas otras compa\u00f1\u00edas de seguros vinculadas a unidades, Hansard es una empresa p\u00fablica cuyas acciones cotizan en la Bolsa de Londres desde 2006. PricewaterhouseCoopers (PwC) act\u00faa como su auditor.<\/p>\n\n<p>Hansard Insurance opera en m\u00faltiples jurisdicciones, gestionando activos por m\u00e1s de $1 bill\u00f3n y atendiendo a m\u00e1s de 40,000 clientes en todo el mundo. La solidez financiera tambi\u00e9n contribuye significativamente a garantizar la confianza y comodidad de los clientes de la empresa.<\/p>\n\n<p>Hansard emite p\u00f3lizas de seguro a trav\u00e9s de sus oficinas registradas en la Isla de Man (International) y las Bahamas (Worldwide). Estos son dos centros financieros offshore altamente regulados y reconocidos, donde se encuentran las oficinas de los principales bancos y compa\u00f1\u00edas de seguros del mundo. Todas las divisiones forman parte del grupo global de empresas. En la actualidad, para los inversores internacionales, incluidos los residentes de la Federaci\u00f3n Rusa y los pa\u00edses de la CEI, las p\u00f3lizas se emiten en la divisi\u00f3n de Hansard Worldwide.<\/p>\n\n<h2 class=\"wp-block-heading\">Programas de la compa\u00f1\u00eda<\/h2>\n\n<ul class=\"wp-block-list\">\n<li>Vantage Platinum: un programa cl\u00e1sico de ahorro vinculado a unidades con contribuciones regulares a partir de $300 al mes. Las p\u00f3lizas pueden abrirse por un per\u00edodo de 5 a 30 a\u00f1os. Las primas se asignan a una variedad de fondos preseleccionados. <\/li>\n\n\n\n<li>Capital Builder 2: un programa de inversi\u00f3n con una contribuci\u00f3n \u00fanica a partir de $20,000. Permite contribuciones flexibles: \u00fanicas, ocasionales o recurrentes. El programa no tiene fecha de vencimiento. Las primas tambi\u00e9n brindan acceso al mismo conjunto de fondos que Vantage Premium. <\/li>\n\n\n\n<li>Universal Personal Portfolio: una cuenta de inversi\u00f3n profesional con un dep\u00f3sito \u00fanico a partir de \u00a325,000 ($35,000). Se ofrece acceso a los principales fondos, acciones, valores y productos estructurados que cotizan en los mercados m\u00e1s importantes. <\/li>\n<\/ul>\n\n<p><\/p>\n\n<div class=\"wp-block-buttons is-content-justification-center is-layout-flex wp-container-core-buttons-is-layout-a89b3969 wp-block-buttons-is-layout-flex\">\n<div class=\"wp-block-button\"><a class=\"wp-block-button__link wp-element-button\" href=\"https:\/\/unit-linked.com\/es\/consulta-de-pedidos\">C\u00e1lculo de pedido<\/a><\/div>\n<\/div>\n","protected":false},"excerpt":{"rendered":"<p>Hansard International se especializa en programas de ahorro e inversi\u00f3n vinculados a unidades, a menudo denominados \u00abm\u00e9todo ingl\u00e9s de inversi\u00f3n\u00bb en algunos pa\u00edses. Este art\u00edculo analizar\u00e1 la confiabilidad de Hansard, revisar\u00e1 sus principales productos y discutir\u00e1 su idoneidad. Confiabilidad de Hansard International Hansard ha estado proporcionando productos y servicios financieros a clientes de todo el [&hellip;]<\/p>\n","protected":false},"author":2,"featured_media":0,"parent":0,"menu_order":0,"comment_status":"closed","ping_status":"closed","template":"","meta":{"footnotes":""},"class_list":["post-832","page","type-page","status-publish","hentry"],"_links":{"self":[{"href":"https:\/\/unit-linked.com\/es\/wp-json\/wp\/v2\/pages\/832","targetHints":{"allow":["GET"]}}],"collection":[{"href":"https:\/\/unit-linked.com\/es\/wp-json\/wp\/v2\/pages"}],"about":[{"href":"https:\/\/unit-linked.com\/es\/wp-json\/wp\/v2\/types\/page"}],"author":[{"embeddable":true,"href":"https:\/\/unit-linked.com\/es\/wp-json\/wp\/v2\/users\/2"}],"replies":[{"embeddable":true,"href":"https:\/\/unit-linked.com\/es\/wp-json\/wp\/v2\/comments?post=832"}],"version-history":[{"count":1,"href":"https:\/\/unit-linked.com\/es\/wp-json\/wp\/v2\/pages\/832\/revisions"}],"predecessor-version":[{"id":833,"href":"https:\/\/unit-linked.com\/es\/wp-json\/wp\/v2\/pages\/832\/revisions\/833"}],"wp:attachment":[{"href":"https:\/\/unit-linked.com\/es\/wp-json\/wp\/v2\/media?parent=832"}],"curies":[{"name":"wp","href":"https:\/\/api.w.org\/{rel}","templated":true}]}}