{"id":840,"date":"2022-08-30T17:06:43","date_gmt":"2022-08-30T17:06:43","guid":{"rendered":"https:\/\/unit-linked.com\/international-assurance-limited-ial"},"modified":"2025-01-21T12:03:19","modified_gmt":"2025-01-21T12:03:19","slug":"international-assurance-limited-ial","status":"publish","type":"page","link":"https:\/\/unit-linked.com\/es\/international-assurance-limited-ial","title":{"rendered":"INTERNATIONAL ASSURANCE LIMITED (IAL)"},"content":{"rendered":"\n<p>International Assurance Limited PCC se constituy\u00f3 en Mauricio en 2009 y actualmente posee m\u00e1s de $900 millones en aproximadamente 3,000 p\u00f3lizas activas (incluyendo esquemas de grupos de miembros). IAL utiliza GenRe para reasegurar sus p\u00f3lizas.<\/p>\n\n<h2 class=\"wp-block-heading\">Productos de la Compa\u00f1\u00eda<\/h2>\n\n<p>Los titulares de p\u00f3lizas tienen acceso a tres plataformas principales de negociaci\u00f3n, adem\u00e1s de varias billeteras de criptomonedas. Para efectivo y negociaci\u00f3n en acciones, bonos, ETFs y derivados, IAL abre cuentas con Interactive Brokers. Para productos estructurados, IAL negocia a trav\u00e9s de Capital International Group o Logic Investments. El custodio de Capital Investment Group es BNY Mellon Pershing, mientras que Logic utiliza HSBC.<\/p>\n\n<p>En su estructura organizativa, IAL est\u00e1 registrada como una Compa\u00f1\u00eda de C\u00e9lulas Protegidas (PCC). Esto significa que los activos de los inversores est\u00e1n \u00absegregados\u00bb, es decir, separados entre s\u00ed, as\u00ed como de los activos y pasivos de la compa\u00f1\u00eda de seguros, y se almacenan en cuentas fiduciarias en bancos custodios de clase mundial. Los bancos custodios almacenan y gestionan los valores de los inversores. Por lo tanto, en caso de quiebra de IAL, el 100% de los fondos que estaban en las cuentas al momento de la quiebra se devuelven a los clientes.<\/p>\n\n<p>IAL abre programas para capitales a partir de $100,000 o el equivalente en las siguientes monedas: EUR, GBP, JPY, AUD.<\/p>\n\n<h2 class=\"wp-block-heading\">Beneficios<\/h2>\n\n<p>Debido a su estructura y legislaci\u00f3n de seguros, IAL ofrece una serie de oportunidades y ventajas en comparaci\u00f3n con la formaci\u00f3n de carteras de inversi\u00f3n en cuentas bancarias\/de corretaje:<\/p>\n\n<ul class=\"wp-block-list\">\n<li><strong>Protecci\u00f3n legal.<\/strong> Los fondos de los clientes son legalmente inviolables, ninguna de las terceras partes tiene derecho a reclamarlos.<\/li>\n\n\n\n<li><strong>Reaseguro. <\/strong>Protecci\u00f3n del 100% de los fondos del inversor contra los riesgos de quiebra de la compa\u00f1\u00eda de seguros debido a la legislaci\u00f3n sobre cuentas segregadas (legalmente separadas).<\/li>\n\n\n\n<li><strong>Protecci\u00f3n contra sanciones<\/strong> Durante el plazo de la p\u00f3liza de seguro, todo el proceso de inversi\u00f3n se realiza en nombre de la compa\u00f1\u00eda de seguros. Por lo tanto, incluso con una mayor presi\u00f3n de sanciones sobre, los clientes bajo el \u00abparaguas\u00bb de la compa\u00f1\u00eda de seguros no se ver\u00e1n afectados.<\/li>\n\n\n\n<li><strong>Confidencialidad completa<\/strong> de la colocaci\u00f3n de fondos debido a las peculiaridades de la legislaci\u00f3n de seguros.<\/li>\n\n\n\n<li><strong>Tarifas<\/strong>. Servicio a las tarifas de una gran entidad legal (compa\u00f1\u00eda de seguros), no de un individuo.<\/li>\n\n\n\n<li><strong>Tributaci\u00f3n<\/strong>. No hay impuestos sobre las transacciones durante el plazo de la p\u00f3liza, solo al final. Equilibrio del resultado financiero de todas las transacciones durante la vida de la p\u00f3liza. Oportunidad de optimizar la tributaci\u00f3n (incluida la reevaluaci\u00f3n acumulada del tipo de cambio) en inversiones existentes al transferirlas de una cuenta bancaria\/de corretaje personal a una plataforma de seguros.<\/li>\n\n\n\n<li><strong>Acceso<\/strong> a trav\u00e9s de las mayores bolsas internacionales a valores negociados y extraburs\u00e1tiles (acciones, Eurobonos, fondos, notas, ETFs, derivados, etc.).<\/li>\n\n\n\n<li><strong>Liquidez de los fondos<\/strong> en la cuenta de seguros del 90%, dependiendo del per\u00edodo hasta el final del contrato..<\/li>\n\n\n\n<li><strong>Sistema de herencia simplificado<\/strong>. Pago del 101% despu\u00e9s de 14 d\u00edas tras el fallecimiento del titular de la p\u00f3liza.<\/li>\n\n\n\n<li><strong>Posibilidad de transferir<\/strong> a la plataforma de seguros la cartera existente del cliente desde cualquier banco\/corretaje internacional desde cuentas personales o cuentas CFC.<\/li>\n\n\n\n<li><strong>Cumplimiento simplificado<\/strong> y requisitos m\u00e1s bajos para el monto de los fondos depositados en comparaci\u00f3n con la apertura de una cuenta bancaria personal.<\/li>\n<\/ul>\n\n<h2 class=\"wp-block-heading\">Tarjeta de D\u00e9bito Internacional MasterCard<\/h2>\n\n<p>IAL ofrece la posibilidad de abrir una tarjeta de d\u00e9bito internacional Mastercard.<\/p>\n\n<ul class=\"wp-block-list\">\n<li>Funciona en todo el mundo en condiciones favorables. La tarjeta se puede utilizar en m\u00e1s de 190 pa\u00edses.<\/li>\n\n\n\n<li>El costo de mantenimiento de la tarjeta es de solo $100 por a\u00f1o.<\/li>\n\n\n\n<li>La tarjeta NO est\u00e1 vinculada a una p\u00f3liza espec\u00edfica, sino que es una tarjeta Mastercard corporativa directamente de IAL.<\/li>\n\n\n\n<li>Los clientes pueden pagar dinero a IAL desde su p\u00f3liza LIP o tomar un pr\u00e9stamo garantizado por su p\u00f3liza.<\/li>\n<\/ul>\n\n<div class=\"wp-block-buttons is-layout-flex wp-block-buttons-is-layout-flex\">\n<div class=\"wp-block-button aligncenter\"><a class=\"wp-block-button__link wp-element-button\" href=\"https:\/\/unit-linked.com\/es\/consulta-de-pedidos\">C\u00e1lculo de pedido<\/a><\/div>\n<\/div>\n","protected":false},"excerpt":{"rendered":"<p>International Assurance Limited PCC se constituy\u00f3 en Mauricio en 2009 y actualmente posee m\u00e1s de $900 millones en aproximadamente 3,000 p\u00f3lizas activas (incluyendo esquemas de grupos de miembros). IAL utiliza GenRe para reasegurar sus p\u00f3lizas. Productos de la Compa\u00f1\u00eda Los titulares de p\u00f3lizas tienen acceso a tres plataformas principales de negociaci\u00f3n, adem\u00e1s de varias billeteras [&hellip;]<\/p>\n","protected":false},"author":2,"featured_media":0,"parent":0,"menu_order":0,"comment_status":"closed","ping_status":"closed","template":"","meta":{"footnotes":""},"class_list":["post-840","page","type-page","status-publish","hentry"],"_links":{"self":[{"href":"https:\/\/unit-linked.com\/es\/wp-json\/wp\/v2\/pages\/840","targetHints":{"allow":["GET"]}}],"collection":[{"href":"https:\/\/unit-linked.com\/es\/wp-json\/wp\/v2\/pages"}],"about":[{"href":"https:\/\/unit-linked.com\/es\/wp-json\/wp\/v2\/types\/page"}],"author":[{"embeddable":true,"href":"https:\/\/unit-linked.com\/es\/wp-json\/wp\/v2\/users\/2"}],"replies":[{"embeddable":true,"href":"https:\/\/unit-linked.com\/es\/wp-json\/wp\/v2\/comments?post=840"}],"version-history":[{"count":1,"href":"https:\/\/unit-linked.com\/es\/wp-json\/wp\/v2\/pages\/840\/revisions"}],"predecessor-version":[{"id":841,"href":"https:\/\/unit-linked.com\/es\/wp-json\/wp\/v2\/pages\/840\/revisions\/841"}],"wp:attachment":[{"href":"https:\/\/unit-linked.com\/es\/wp-json\/wp\/v2\/media?parent=840"}],"curies":[{"name":"wp","href":"https:\/\/api.w.org\/{rel}","templated":true}]}}